{"id":8080,"date":"2020-09-20T21:40:51","date_gmt":"2020-09-20T21:40:51","guid":{"rendered":"https:\/\/itwconstruction.ca\/truspec\/"},"modified":"2020-11-30T16:15:57","modified_gmt":"2020-11-30T16:15:57","slug":"truspec","status":"publish","type":"page","link":"https:\/\/itwconstruction.ca\/fr\/truspec\/","title":{"rendered":"Truspec"},"content":{"rendered":"<div class=\"wpb-content-wrapper\"><p>[vc_row full_width=\u00a0\u00bbstretch_row\u00a0\u00bb row_btt_skin=\u00a0\u00bblight\u00a0\u00bb row_background_text_position=\u00a0\u00bbfront\u00a0\u00bb simple_background_color=\u00a0\u00bb#6d6e71&Prime; css=\u00a0\u00bb.vc_custom_1600637961301{margin-top: 0px !important;padding-top: 0px !important;}\u00a0\u00bb][vc_column css=\u00a0\u00bb.vc_custom_1600375521929{margin-top: 0px !important;padding-top: 0px !important;}\u00a0\u00bb]<div class=\"mkdf-elements-holder   mkdf-two-columns  mkdf-responsive-mode-768 \" ><div class=\"mkdf-eh-item    \"  data-item-class=\"mkdf-eh-custom-9884\">\n\t<div class=\"mkdf-eh-item-inner\">\n\t\t<div class=\"mkdf-eh-item-content mkdf-eh-custom-9884\" >\n\t\t\t[vc_single_image image=\u00a0\u00bb7797&Prime; img_size=\u00a0\u00bbfull\u00a0\u00bb onclick=\u00a0\u00bbcustom_link\u00a0\u00bb link=\u00a0\u00bbhttp:\/\/itwcpc.ca\/truspec\/\u00a0\u00bb]\t\t<\/div>\n\t<\/div>\n<\/div><div class=\"mkdf-eh-item    \"  data-item-class=\"mkdf-eh-custom-9224\">\n\t<div class=\"mkdf-eh-item-inner\">\n\t\t<div class=\"mkdf-eh-item-content mkdf-eh-custom-9224\" >\n\t\t\t[vc_column_text css=\u00a0\u00bb.vc_custom_1600638191769{padding-bottom: 20px !important;}\u00a0\u00bb]<img decoding=\"async\" class=\"alignnone size-full wp-image-7799\" src=\"http:\/\/itwconstruction.ca\/wp-content\/uploads\/2020\/09\/truspec-3-0_white-noborder.svg\" alt=\"Truspec\" \/><\/p>\n<p style=\"color: #fff; font-size: 1.5em;\">Canadian Design Standard \u2013 CSA A23.3-14<\/p>\n<p>[\/vc_column_text]<a itemprop=\"url\" href=\"http:\/\/itwcpc.ca\/truspec\/\" target=\"_blank\" style=\"color: #ffffff;background-color: #8b1538;margin: 0px 15px 0 0\" class=\"mkdf-btn mkdf-btn-medium mkdf-btn-solid mkdf-btn-custom-hover-color\" data-hover-color=\"#ffffff\" >\n    <span class=\"mkdf-btn-text\">Acc\u00e8s en ligne<\/span>\n    <\/a><a itemprop=\"url\" href=\"mailto:Truspec@itwconstruction.ca?subject=Request%20Training\/Seminar\" target=\"_self\" style=\"color: #ffffff;background-color: #8b1538\" class=\"mkdf-btn mkdf-btn-medium mkdf-btn-solid\"  >\n    <span class=\"mkdf-btn-text\">Demande de formation<\/span>\n    <\/a>\t\t<\/div>\n\t<\/div>\n<\/div><\/div>[\/vc_column][\/vc_row][vc_row full_width=\u00a0\u00bbstretch_row\u00a0\u00bb row_btt_skin=\u00a0\u00bblight\u00a0\u00bb row_background_text_position=\u00a0\u00bbfront\u00a0\u00bb css=\u00a0\u00bb.vc_custom_1600637678302{margin-top: 0px !important;padding-top: 0px !important;}\u00a0\u00bb][vc_column css=\u00a0\u00bb.vc_custom_1600375521929{margin-top: 0px !important;padding-top: 0px !important;}\u00a0\u00bb]<div class=\"mkdf-elements-holder   mkdf-one-column  mkdf-responsive-mode-768 \" ><div class=\"mkdf-eh-item    \"  data-item-class=\"mkdf-eh-custom-7330\">\n\t<div class=\"mkdf-eh-item-inner\">\n\t\t<div class=\"mkdf-eh-item-content mkdf-eh-custom-7330\" style=\"padding: 7% 0 0\">\n\t\t\t[vc_column_text]Le logiciel de conception d\u2019ancrages le plus convivial s\u2019am\u00e9liore encore et vous permet de cr\u00e9er encore plus de types d\u2019ancrages \u00e0 partir de tout endroit, du bureau au chantier.<\/p>\n<p>Offert en fran\u00e7ais (Canada) et en anglais<\/p>\n<p style=\"color: #8b1538;\">Offert en fran\u00e7ais (Canada) et en anglais<\/p>\n<p style=\"color: #8b1538; font-size: 1.3em;\"><b>Obtenez l\u2019acc\u00e8s \u00e0 Truspec v3 dans le nuage avec le navigateur Web de votre ordinateur ou appareil mobile.<\/b><\/p>\n<p>[\/vc_column_text]\t\t<\/div>\n\t<\/div>\n<\/div><\/div>[\/vc_column][\/vc_row][vc_row full_width=\u00a0\u00bbstretch_row\u00a0\u00bb row_btt_skin=\u00a0\u00bblight\u00a0\u00bb row_background_text_position=\u00a0\u00bbfront\u00a0\u00bb css=\u00a0\u00bb.vc_custom_1600637678302{margin-top: 0px !important;padding-top: 0px !important;}\u00a0\u00bb][vc_column css=\u00a0\u00bb.vc_custom_1600375521929{margin-top: 0px !important;padding-top: 0px !important;}\u00a0\u00bb]<div class=\"mkdf-elements-holder   mkdf-two-columns  mkdf-responsive-mode-768 \" ><div class=\"mkdf-eh-item    \"  data-item-class=\"mkdf-eh-custom-2582\">\n\t<div class=\"mkdf-eh-item-inner\">\n\t\t<div class=\"mkdf-eh-item-content mkdf-eh-custom-2582\" style=\"padding: 10% 0\">\n\t\t\t[vc_single_image image=\u00a0\u00bb7800&Prime; img_size=\u00a0\u00bbfull\u00a0\u00bb]\t\t<\/div>\n\t<\/div>\n<\/div><div class=\"mkdf-eh-item    \"  data-item-class=\"mkdf-eh-custom-8035\">\n\t<div class=\"mkdf-eh-item-inner\">\n\t\t<div class=\"mkdf-eh-item-content mkdf-eh-custom-8035\" >\n\t\t\t[vc_column_text]<\/p>\n<p class=\"p5\"><span class=\"s2\"><b>VERSION DANS LE NUAGE <\/b><\/span>Les utilisateurs ont toujours acc\u00e8s aux fonctionnalit\u00e9s les plus r\u00e9centes, sans avoir \u00e0 se soucier d\u2019installer les mises \u00e0 jour.<\/p>\n<p class=\"p5\"><span class=\"s2\"><b>AUCUNE CONNEXION WI-FI REQUISE <\/b><\/span>Le programme est accessible \u00e0 partir des appareils mobiles 4G, m\u00eame sans connexion Internet wi-fi.<\/p>\n<p>[\/vc_column_text]\t\t<\/div>\n\t<\/div>\n<\/div><\/div>[\/vc_column][\/vc_row][vc_row full_width=\u00a0\u00bbstretch_row\u00a0\u00bb row_btt_skin=\u00a0\u00bblight\u00a0\u00bb row_background_text_position=\u00a0\u00bbfront\u00a0\u00bb simple_background_color=\u00a0\u00bb#8b1538&Prime; css=\u00a0\u00bb.vc_custom_1600699506206{margin-top: 0px !important;padding-top: 7% !important;padding-bottom: 7% !important;}\u00a0\u00bb el_class=\u00a0\u00bbwhitetext\u00a0\u00bb][vc_column css=\u00a0\u00bb.vc_custom_1600375521929{margin-top: 0px !important;padding-top: 0px !important;}\u00a0\u00bb]<div class=\"mkdf-elements-holder   mkdf-one-column  mkdf-responsive-mode-768 \" ><div class=\"mkdf-eh-item    \"  data-item-class=\"mkdf-eh-custom-1838\">\n\t<div class=\"mkdf-eh-item-inner\">\n\t\t<div class=\"mkdf-eh-item-content mkdf-eh-custom-1838\" style=\"padding: 0 0 2%\">\n\t\t\t[vc_column_text]<\/p>\n<p style=\"font-size: 1.3em;\"><b>Polyvalent \u2013 faites tout ce que vous voulez avec une seule solution<\/b><\/p>\n<p>[\/vc_column_text]\t\t<\/div>\n\t<\/div>\n<\/div><\/div><div class=\"mkdf-elements-holder   mkdf-three-columns  mkdf-responsive-mode-768 \" ><div class=\"mkdf-eh-item    \"  data-item-class=\"mkdf-eh-custom-8693\">\n\t<div class=\"mkdf-eh-item-inner\">\n\t\t<div class=\"mkdf-eh-item-content mkdf-eh-custom-8693\" style=\"padding: 0 4%\">\n\t\t\t[vc_column_text css=\u00a0\u00bb.vc_custom_1606752633962{padding-bottom: 20px !important;}\u00a0\u00bb]<\/p>\n<p class=\"p2\"><b>NOUVEAU <\/b>Prend en charge la conception d\u2019ancrages incorpor\u00e9s ou install\u00e9s plus tard<\/p>\n<p>[\/vc_column_text]\t\t<\/div>\n\t<\/div>\n<\/div><div class=\"mkdf-eh-item    \"  data-item-class=\"mkdf-eh-custom-9627\">\n\t<div class=\"mkdf-eh-item-inner\">\n\t\t<div class=\"mkdf-eh-item-content mkdf-eh-custom-9627\" style=\"padding: 0 4%\">\n\t\t\t[vc_column_text css=\u00a0\u00bb.vc_custom_1606752656978{padding-bottom: 20px !important;}\u00a0\u00bb]<\/p>\n<p class=\"p2\"><b>NOUVEAU <\/b>Prend en charge l\u2019ancrage \u00e0 la ma\u00e7onnerie (offert d\u00e8s le T1 2020) ainsi qu\u2019\u00e0 d\u2019autres supports en b\u00e9ton<\/p>\n<p>[\/vc_column_text]\t\t<\/div>\n\t<\/div>\n<\/div><div class=\"mkdf-eh-item    \"  data-item-class=\"mkdf-eh-custom-4701\">\n\t<div class=\"mkdf-eh-item-inner\">\n\t\t<div class=\"mkdf-eh-item-content mkdf-eh-custom-4701\" style=\"padding: 0 4%\">\n\t\t\t[vc_column_text css=\u00a0\u00bb.vc_custom_1606752679780{padding-bottom: 20px !important;}\u00a0\u00bb]<\/p>\n<p class=\"p2\"><b>NOUVEAU <\/b>Vous permet de personnaliser la forme de la plaque de base et la disposition des ancrages<\/p>\n<p>[\/vc_column_text]\t\t<\/div>\n\t<\/div>\n<\/div><\/div>[\/vc_column][\/vc_row][vc_row full_width=\u00a0\u00bbstretch_row\u00a0\u00bb row_btt_skin=\u00a0\u00bblight\u00a0\u00bb row_background_text_position=\u00a0\u00bbfront\u00a0\u00bb css=\u00a0\u00bb.vc_custom_1600699777610{margin-top: 0px !important;padding-top: 7% !important;padding-bottom: 7% !important;}\u00a0\u00bb][vc_column css=\u00a0\u00bb.vc_custom_1600375521929{margin-top: 0px !important;padding-top: 0px !important;}\u00a0\u00bb]<div class=\"mkdf-elements-holder   mkdf-one-column  mkdf-responsive-mode-768 \" ><div class=\"mkdf-eh-item    \"  data-item-class=\"mkdf-eh-custom-8504\">\n\t<div class=\"mkdf-eh-item-inner\">\n\t\t<div class=\"mkdf-eh-item-content mkdf-eh-custom-8504\" style=\"padding: 0 0 2%\">\n\t\t\t[vc_column_text]<\/p>\n<p style=\"font-size: 1.3em; color: #8b1538; padding-bottom: 20px;\"><b>Concepts d\u2019ancrage pr\u00e9cis, dignes de confiance, conformes au code canadien (CSA A23.3-14) <\/b><\/p>\n<p><img fetchpriority=\"high\" decoding=\"async\" class=\"aligncenter wp-image-7814 size-large\" src=\"https:\/\/itwconstruction.ca\/wp-content\/uploads\/2020\/09\/truspec-1024x552.jpg\" alt=\"\" width=\"1024\" height=\"552\" srcset=\"https:\/\/itwconstruction.ca\/wp-content\/uploads\/2020\/09\/truspec-1024x552.jpg 1024w, https:\/\/itwconstruction.ca\/wp-content\/uploads\/2020\/09\/truspec-300x162.jpg 300w, https:\/\/itwconstruction.ca\/wp-content\/uploads\/2020\/09\/truspec-768x414.jpg 768w, https:\/\/itwconstruction.ca\/wp-content\/uploads\/2020\/09\/truspec-600x324.jpg 600w, https:\/\/itwconstruction.ca\/wp-content\/uploads\/2020\/09\/truspec.jpg 1257w\" sizes=\"(max-width: 1024px) 100vw, 1024px\" \/><\/p>\n<ul style=\"column-count: 3; column-gap: 20px; margin-top: 20px; list-style-type: disc;\">\n<li class=\"p2\"><b>NOUVEAU <\/b>Prend en charge les m\u00e9thodes de conception ACI318 selon la force et selon les contraintes admissibles (ASD) pour la ma\u00e7onnerie.<\/li>\n<li class=\"p2\"><b>NOUVEAU <\/b>Truspec v3 vous permet d\u2019inscrire plusieurs combinaisons de charge et peut calculer pour vous la combinaison de contr\u00f4le la moins favorable.<\/li>\n<li class=\"p2\"><b>NOUVEAU <\/b>Truspec v3 v\u00e9rifie votre conception de la plaque de base avec une analyse des \u00e9l\u00e9ments finis pour en garantir la rigidit\u00e9 ad\u00e9quate<\/li>\n<\/ul>\n<p style=\"font-size: 1.3em; color: #8b1538; padding-bottom: 20px;\"><b>Intuitif, facile \u00e0 utiliser<\/b><\/p>\n<p>Constamment class\u00e9 par les concepteurs parmi les logiciels de conception des ancrages les plus faciles \u00e0 apprendre et \u00e0 utiliser, Truspec v3 vous accompagne pendant toute la conception et la s\u00e9lection des ancrages en six \u00e9tapes faciles. Vous gagnerez du temps et pr\u00e9viendrez ainsi les erreurs.<\/p>\n<p><strong><img decoding=\"async\" class=\"alignright size-full wp-image-7802\" src=\"http:\/\/itwconstruction.ca\/wp-content\/uploads\/2020\/09\/truspec-graphic-display.png\" alt=\"\" width=\"461\" height=\"445\" srcset=\"https:\/\/itwconstruction.ca\/wp-content\/uploads\/2020\/09\/truspec-graphic-display.png 461w, https:\/\/itwconstruction.ca\/wp-content\/uploads\/2020\/09\/truspec-graphic-display-300x290.png 300w\" sizes=\"(max-width: 461px) 100vw, 461px\" \/>MOD\u00c8LES \u00c0 PERSONNALISER<\/strong><br \/>\nNos mod\u00e8les \u00e0 personnaliser vous sont fournis pour les utilisations d\u2019ancrage courantes, comme les plaques de base, les plaques terminales et les rampes de s\u00e9curit\u00e9.<\/p>\n<p><strong>INTERFACE UTILISATEUR GRAPHIQUE<\/strong><br \/>\nL\u2019interface utilisateur graphique vous donne des visualisations de concept bidimensionnelles et tridimensionnelles, vous facilitant la t\u00e2che pour voir tous les \u00e9l\u00e9ments de conception en un seul coup d\u2019\u0153il.<\/p>\n<p><strong>MESSAGES TOOL TIP<\/strong><br \/>\nLes messages Tooltip vous donnent des renseignements utiles lorsque vous placez le curseur sur un \u00e9l\u00e9ment de l\u2019interface utilisateur.<\/p>\n<p><strong>INDICATEURS ANIM\u00c9S<\/strong><br \/>\nLes indicateurs anim\u00e9s simplifient et acc\u00e9l\u00e8rent la saisie des valeurs de rupture, de cisaillement et de charge donn\u00e9e.<\/p>\n<p><strong>FILTRE DE RECOMMANDATION D\u2019ANCRAGES<\/strong><br \/>\nTruspec vous permet de trier les recommandations d\u2019ancrages selon le type, le diam\u00e8tre, la teneur d\u2019acier, etc. Truspec classe aussi les options possibles pour vous montrer les plus efficaces selon l\u2019utilisation des capacit\u00e9s.[\/vc_column_text]\t\t<\/div>\n\t<\/div>\n<\/div><\/div>[\/vc_column][\/vc_row][vc_row full_width=\u00a0\u00bbstretch_row\u00a0\u00bb row_btt_skin=\u00a0\u00bblight\u00a0\u00bb row_background_text_position=\u00a0\u00bbfront\u00a0\u00bb simple_background_color=\u00a0\u00bb#8b1538&Prime; css=\u00a0\u00bb.vc_custom_1600699506206{margin-top: 0px !important;padding-top: 7% !important;padding-bottom: 7% !important;}\u00a0\u00bb el_class=\u00a0\u00bbwhitetext\u00a0\u00bb][vc_column css=\u00a0\u00bb.vc_custom_1600375521929{margin-top: 0px !important;padding-top: 0px !important;}\u00a0\u00bb]<div class=\"mkdf-elements-holder   mkdf-one-column  mkdf-responsive-mode-768 \" ><div class=\"mkdf-eh-item    \"  data-item-class=\"mkdf-eh-custom-8095\">\n\t<div class=\"mkdf-eh-item-inner\">\n\t\t<div class=\"mkdf-eh-item-content mkdf-eh-custom-8095\" style=\"padding: 0 0 2%\">\n\t\t\t[vc_column_text]<\/p>\n<p style=\"font-size: 1.3em;\"><b>Le NOUVEAU rapport de conception am\u00e9lior\u00e9 montre toutes les donn\u00e9es saisies, les formules et les calculs avec les citations des normes pertinentes, en plus d\u2019information sur les produits d\u2019ancrage et des instructions d\u2019installation.<\/b><\/p>\n<p style=\"border-top: 1px solid #fff; margin-top: 30px; padding-top: 15px;\">Pour tout probl\u00e8me li\u00e9 au logiciel ou au soutien aux ing\u00e9nieurs, veuillez communiquer avec notre service technique au Canada :<\/p>\n<p><img decoding=\"async\" class=\"alignleft size-full wp-image-7803\" src=\"http:\/\/itwconstruction.ca\/wp-content\/uploads\/2020\/09\/footer-mail-icon.png\" alt=\"\" width=\"20\" height=\"18\" \/> <a style=\"color: #fff;\" href=\"mailto:Truspec@itwconstruction.ca\">Truspec@itwconstruction.ca<\/a><\/p>\n<p style=\"clear: left;\"><img loading=\"lazy\" decoding=\"async\" class=\"alignleft size-full wp-image-7511\" src=\"http:\/\/itwconstruction.ca\/wp-content\/uploads\/2018\/12\/footer-icon-img-03.png\" alt=\"a\" width=\"19\" height=\"18\" \/> 1 800 387-9692 (heures : de 8 h 30 \u00e0 17 h HNE)<\/p>\n<p>[\/vc_column_text]\t\t<\/div>\n\t<\/div>\n<\/div><\/div>[\/vc_column][\/vc_row]<\/p>\n<\/div>","protected":false},"excerpt":{"rendered":"<p>[vc_row full_width=\u00a0\u00bbstretch_row\u00a0\u00bb row_btt_skin=\u00a0\u00bblight\u00a0\u00bb row_background_text_position=\u00a0\u00bbfront\u00a0\u00bb simple_background_color=\u00a0\u00bb#6d6e71&Prime; css=\u00a0\u00bb.vc_custom_1600637961301{margin-top: 0px !important;padding-top: 0px !important;}\u00a0\u00bb][vc_column css=\u00a0\u00bb.vc_custom_1600375521929{margin-top: 0px !important;padding-top: 0px !important;}\u00a0\u00bb][\/vc_column][\/vc_row][vc_row full_width=\u00a0\u00bbstretch_row\u00a0\u00bb row_btt_skin=\u00a0\u00bblight\u00a0\u00bb row_background_text_position=\u00a0\u00bbfront\u00a0\u00bb css=\u00a0\u00bb.vc_custom_1600637678302{margin-top: 0px !important;padding-top: 0px !important;}\u00a0\u00bb][vc_column css=\u00a0\u00bb.vc_custom_1600375521929{margin-top: 0px !important;padding-top: 0px !important;}\u00a0\u00bb][\/vc_column][\/vc_row][vc_row full_width=\u00a0\u00bbstretch_row\u00a0\u00bb row_btt_skin=\u00a0\u00bblight\u00a0\u00bb row_background_text_position=\u00a0\u00bbfront\u00a0\u00bb css=\u00a0\u00bb.vc_custom_1600637678302{margin-top: 0px !important;padding-top: 0px !important;}\u00a0\u00bb][vc_column css=\u00a0\u00bb.vc_custom_1600375521929{margin-top: 0px !important;padding-top: 0px [&hellip;]<\/p>\n","protected":false},"author":1,"featured_media":0,"parent":0,"menu_order":0,"comment_status":"closed","ping_status":"closed","template":"","meta":{"_acf_changed":false,"inline_featured_image":false,"footnotes":""},"class_list":["post-8080","page","type-page","status-publish","hentry"],"acf":[],"yoast_head":"<!-- This site is optimized with the Yoast SEO plugin v27.2 - https:\/\/yoast.com\/product\/yoast-seo-wordpress\/ -->\n<title>Truspec - ITW Construction<\/title>\n<meta name=\"description\" content=\"Founded in 1912, ITW is a global industrial company built around a differentiated and proprietary business model. The company\u2019s seven industry-leading segments leverage the ITW Business Model to generate solid growth with best-in-class margins and returns in markets where highly innovative, customer-focused solutions are required.\" \/>\n<meta name=\"robots\" content=\"index, follow, max-snippet:-1, max-image-preview:large, max-video-preview:-1\" \/>\n<link rel=\"canonical\" href=\"https:\/\/itwconstruction.ca\/fr\/truspec\/\" \/>\n<meta property=\"og:locale\" content=\"fr_FR\" \/>\n<meta property=\"og:type\" content=\"article\" \/>\n<meta property=\"og:title\" content=\"Truspec - ITW Construction\" \/>\n<meta property=\"og:description\" content=\"Founded in 1912, ITW is a global industrial company built around a differentiated and proprietary business model. The company\u2019s seven industry-leading segments leverage the ITW Business Model to generate solid growth with best-in-class margins and returns in markets where highly innovative, customer-focused solutions are required.\" \/>\n<meta property=\"og:url\" content=\"https:\/\/itwconstruction.ca\/fr\/truspec\/\" \/>\n<meta property=\"og:site_name\" content=\"ITW Construction\" \/>\n<meta property=\"article:modified_time\" content=\"2020-11-30T16:15:57+00:00\" \/>\n<meta property=\"og:image\" content=\"http:\/\/itwconstruction.ca\/wp-content\/uploads\/2020\/09\/truspec-3-0_white-noborder.svg\" \/>\n<meta name=\"twitter:card\" content=\"summary_large_image\" \/>\n<meta name=\"twitter:label1\" content=\"Dur\u00e9e de lecture estim\u00e9e\" \/>\n\t<meta name=\"twitter:data1\" content=\"6 minutes\" \/>\n<script type=\"application\/ld+json\" class=\"yoast-schema-graph\">{\"@context\":\"https:\/\/schema.org\",\"@graph\":[{\"@type\":\"WebPage\",\"@id\":\"https:\/\/itwconstruction.ca\/fr\/truspec\/\",\"url\":\"https:\/\/itwconstruction.ca\/fr\/truspec\/\",\"name\":\"Truspec - ITW Construction\",\"isPartOf\":{\"@id\":\"https:\/\/itwconstruction.ca\/#website\"},\"primaryImageOfPage\":{\"@id\":\"https:\/\/itwconstruction.ca\/fr\/truspec\/#primaryimage\"},\"image\":{\"@id\":\"https:\/\/itwconstruction.ca\/fr\/truspec\/#primaryimage\"},\"thumbnailUrl\":\"http:\/\/itwconstruction.ca\/wp-content\/uploads\/2020\/09\/truspec-3-0_white-noborder.svg\",\"datePublished\":\"2020-09-20T21:40:51+00:00\",\"dateModified\":\"2020-11-30T16:15:57+00:00\",\"description\":\"Founded in 1912, ITW is a global industrial company built around a differentiated and proprietary business model. The company\u2019s seven industry-leading segments leverage the ITW Business Model to generate solid growth with best-in-class margins and returns in markets where highly innovative, customer-focused solutions are required.\",\"breadcrumb\":{\"@id\":\"https:\/\/itwconstruction.ca\/fr\/truspec\/#breadcrumb\"},\"inLanguage\":\"fr-FR\",\"potentialAction\":[{\"@type\":\"ReadAction\",\"target\":[\"https:\/\/itwconstruction.ca\/fr\/truspec\/\"]}]},{\"@type\":\"ImageObject\",\"inLanguage\":\"fr-FR\",\"@id\":\"https:\/\/itwconstruction.ca\/fr\/truspec\/#primaryimage\",\"url\":\"http:\/\/itwconstruction.ca\/wp-content\/uploads\/2020\/09\/truspec-3-0_white-noborder.svg\",\"contentUrl\":\"http:\/\/itwconstruction.ca\/wp-content\/uploads\/2020\/09\/truspec-3-0_white-noborder.svg\"},{\"@type\":\"BreadcrumbList\",\"@id\":\"https:\/\/itwconstruction.ca\/fr\/truspec\/#breadcrumb\",\"itemListElement\":[{\"@type\":\"ListItem\",\"position\":1,\"name\":\"Home\",\"item\":\"https:\/\/itwconstruction.ca\/fr\/\"},{\"@type\":\"ListItem\",\"position\":2,\"name\":\"Truspec\"}]},{\"@type\":\"WebSite\",\"@id\":\"https:\/\/itwconstruction.ca\/#website\",\"url\":\"https:\/\/itwconstruction.ca\/\",\"name\":\"ITW Construction\",\"description\":\"Products that empower\",\"publisher\":{\"@id\":\"https:\/\/itwconstruction.ca\/#organization\"},\"potentialAction\":[{\"@type\":\"SearchAction\",\"target\":{\"@type\":\"EntryPoint\",\"urlTemplate\":\"https:\/\/itwconstruction.ca\/?s={search_term_string}\"},\"query-input\":{\"@type\":\"PropertyValueSpecification\",\"valueRequired\":true,\"valueName\":\"search_term_string\"}}],\"inLanguage\":\"fr-FR\"},{\"@type\":\"Organization\",\"@id\":\"https:\/\/itwconstruction.ca\/#organization\",\"name\":\"ITW Construction\",\"url\":\"https:\/\/itwconstruction.ca\/\",\"logo\":{\"@type\":\"ImageObject\",\"inLanguage\":\"fr-FR\",\"@id\":\"https:\/\/itwconstruction.ca\/#\/schema\/logo\/image\/\",\"url\":\"https:\/\/itwconstruction.ca\/wp-content\/uploads\/2020\/09\/itwlogo.png\",\"contentUrl\":\"https:\/\/itwconstruction.ca\/wp-content\/uploads\/2020\/09\/itwlogo.png\",\"width\":512,\"height\":512,\"caption\":\"ITW Construction\"},\"image\":{\"@id\":\"https:\/\/itwconstruction.ca\/#\/schema\/logo\/image\/\"}}]}<\/script>\n<!-- \/ Yoast SEO plugin. -->","yoast_head_json":{"title":"Truspec - ITW Construction","description":"Founded in 1912, ITW is a global industrial company built around a differentiated and proprietary business model. The company\u2019s seven industry-leading segments leverage the ITW Business Model to generate solid growth with best-in-class margins and returns in markets where highly innovative, customer-focused solutions are required.","robots":{"index":"index","follow":"follow","max-snippet":"max-snippet:-1","max-image-preview":"max-image-preview:large","max-video-preview":"max-video-preview:-1"},"canonical":"https:\/\/itwconstruction.ca\/fr\/truspec\/","og_locale":"fr_FR","og_type":"article","og_title":"Truspec - ITW Construction","og_description":"Founded in 1912, ITW is a global industrial company built around a differentiated and proprietary business model. The company\u2019s seven industry-leading segments leverage the ITW Business Model to generate solid growth with best-in-class margins and returns in markets where highly innovative, customer-focused solutions are required.","og_url":"https:\/\/itwconstruction.ca\/fr\/truspec\/","og_site_name":"ITW Construction","article_modified_time":"2020-11-30T16:15:57+00:00","og_image":[{"url":"http:\/\/itwconstruction.ca\/wp-content\/uploads\/2020\/09\/truspec-3-0_white-noborder.svg","type":"","width":"","height":""}],"twitter_card":"summary_large_image","twitter_misc":{"Dur\u00e9e de lecture estim\u00e9e":"6 minutes"},"schema":{"@context":"https:\/\/schema.org","@graph":[{"@type":"WebPage","@id":"https:\/\/itwconstruction.ca\/fr\/truspec\/","url":"https:\/\/itwconstruction.ca\/fr\/truspec\/","name":"Truspec - ITW Construction","isPartOf":{"@id":"https:\/\/itwconstruction.ca\/#website"},"primaryImageOfPage":{"@id":"https:\/\/itwconstruction.ca\/fr\/truspec\/#primaryimage"},"image":{"@id":"https:\/\/itwconstruction.ca\/fr\/truspec\/#primaryimage"},"thumbnailUrl":"http:\/\/itwconstruction.ca\/wp-content\/uploads\/2020\/09\/truspec-3-0_white-noborder.svg","datePublished":"2020-09-20T21:40:51+00:00","dateModified":"2020-11-30T16:15:57+00:00","description":"Founded in 1912, ITW is a global industrial company built around a differentiated and proprietary business model. The company\u2019s seven industry-leading segments leverage the ITW Business Model to generate solid growth with best-in-class margins and returns in markets where highly innovative, customer-focused solutions are required.","breadcrumb":{"@id":"https:\/\/itwconstruction.ca\/fr\/truspec\/#breadcrumb"},"inLanguage":"fr-FR","potentialAction":[{"@type":"ReadAction","target":["https:\/\/itwconstruction.ca\/fr\/truspec\/"]}]},{"@type":"ImageObject","inLanguage":"fr-FR","@id":"https:\/\/itwconstruction.ca\/fr\/truspec\/#primaryimage","url":"http:\/\/itwconstruction.ca\/wp-content\/uploads\/2020\/09\/truspec-3-0_white-noborder.svg","contentUrl":"http:\/\/itwconstruction.ca\/wp-content\/uploads\/2020\/09\/truspec-3-0_white-noborder.svg"},{"@type":"BreadcrumbList","@id":"https:\/\/itwconstruction.ca\/fr\/truspec\/#breadcrumb","itemListElement":[{"@type":"ListItem","position":1,"name":"Home","item":"https:\/\/itwconstruction.ca\/fr\/"},{"@type":"ListItem","position":2,"name":"Truspec"}]},{"@type":"WebSite","@id":"https:\/\/itwconstruction.ca\/#website","url":"https:\/\/itwconstruction.ca\/","name":"ITW Construction","description":"Products that empower","publisher":{"@id":"https:\/\/itwconstruction.ca\/#organization"},"potentialAction":[{"@type":"SearchAction","target":{"@type":"EntryPoint","urlTemplate":"https:\/\/itwconstruction.ca\/?s={search_term_string}"},"query-input":{"@type":"PropertyValueSpecification","valueRequired":true,"valueName":"search_term_string"}}],"inLanguage":"fr-FR"},{"@type":"Organization","@id":"https:\/\/itwconstruction.ca\/#organization","name":"ITW Construction","url":"https:\/\/itwconstruction.ca\/","logo":{"@type":"ImageObject","inLanguage":"fr-FR","@id":"https:\/\/itwconstruction.ca\/#\/schema\/logo\/image\/","url":"https:\/\/itwconstruction.ca\/wp-content\/uploads\/2020\/09\/itwlogo.png","contentUrl":"https:\/\/itwconstruction.ca\/wp-content\/uploads\/2020\/09\/itwlogo.png","width":512,"height":512,"caption":"ITW Construction"},"image":{"@id":"https:\/\/itwconstruction.ca\/#\/schema\/logo\/image\/"}}]}},"_links":{"self":[{"href":"https:\/\/itwconstruction.ca\/fr\/wp-json\/wp\/v2\/pages\/8080","targetHints":{"allow":["GET"]}}],"collection":[{"href":"https:\/\/itwconstruction.ca\/fr\/wp-json\/wp\/v2\/pages"}],"about":[{"href":"https:\/\/itwconstruction.ca\/fr\/wp-json\/wp\/v2\/types\/page"}],"author":[{"embeddable":true,"href":"https:\/\/itwconstruction.ca\/fr\/wp-json\/wp\/v2\/users\/1"}],"replies":[{"embeddable":true,"href":"https:\/\/itwconstruction.ca\/fr\/wp-json\/wp\/v2\/comments?post=8080"}],"version-history":[{"count":0,"href":"https:\/\/itwconstruction.ca\/fr\/wp-json\/wp\/v2\/pages\/8080\/revisions"}],"wp:attachment":[{"href":"https:\/\/itwconstruction.ca\/fr\/wp-json\/wp\/v2\/media?parent=8080"}],"curies":[{"name":"wp","href":"https:\/\/api.w.org\/{rel}","templated":true}]}}