{"id":8030,"date":"2018-12-18T10:02:14","date_gmt":"2018-12-18T10:02:14","guid":{"rendered":"https:\/\/itwconstruction.ca\/contact-us\/"},"modified":"2020-11-26T18:32:37","modified_gmt":"2020-11-26T18:32:37","slug":"contactez-nous","status":"publish","type":"page","link":"https:\/\/itwconstruction.ca\/fr\/contactez-nous\/","title":{"rendered":"Contactez-nous"},"content":{"rendered":"<div class=\"wpb-content-wrapper\"><p>[vc_row row_btt_skin=\u00a0\u00bblight\u00a0\u00bb row_background_text_position=\u00a0\u00bbfront\u00a0\u00bb][vc_column]<div class=\"mkdf-elements-holder   mkdf-two-columns  mkdf-responsive-mode-768 \" ><div class=\"mkdf-eh-item    \"  data-item-class=\"mkdf-eh-custom-7746\" data-1025-1366=\"15px 15px 15px 15px\" data-769-1024=\"15px 15px 15px 15px\" data-681-768=\"15px 15px 15px 15px\" data-680=\"15px 15px 15px 15px\">\n\t<div class=\"mkdf-eh-item-inner\">\n\t\t<div class=\"mkdf-eh-item-content mkdf-eh-custom-7746\" style=\"padding: 100px 80px 100px 80px\">\n\t\t\t\n<div class=\"wpcf7 no-js\" id=\"wpcf7-f8034-o1\" lang=\"en-US\" dir=\"ltr\" data-wpcf7-id=\"8034\">\n<div class=\"screen-reader-response\"><p role=\"status\" aria-live=\"polite\" aria-atomic=\"true\"><\/p> <ul><\/ul><\/div>\n<form action=\"\/fr\/wp-json\/wp\/v2\/pages\/8030#wpcf7-f8034-o1\" method=\"post\" class=\"wpcf7-form init cf7_custom_style_1 ff33ed8f4837 cmatic-conn cmatic-aud-1 cmatic-mapd0-0 cmatic-v0977 cmatic-sent-0 cmatic-total-0\" aria-label=\"Contact form\" novalidate=\"novalidate\" data-status=\"init\">\n<fieldset class=\"hidden-fields-container\"><input type=\"hidden\" name=\"_wpcf7\" value=\"8034\" \/><input type=\"hidden\" name=\"_wpcf7_version\" value=\"6.1.5\" \/><input type=\"hidden\" name=\"_wpcf7_locale\" value=\"en_US\" \/><input type=\"hidden\" name=\"_wpcf7_unit_tag\" value=\"wpcf7-f8034-o1\" \/><input type=\"hidden\" name=\"_wpcf7_container_post\" value=\"0\" \/><input type=\"hidden\" name=\"_wpcf7_posted_data_hash\" value=\"\" \/><input type=\"hidden\" name=\"_wpcf7_recaptcha_response\" value=\"\" \/>\n<\/fieldset>\n<div class=\"full\"> \n      <h6>Votre nom  <span class=\"mkdf-form-required-label\">*<\/span><\/h6>\n      <span class=\"wpcf7-form-control-wrap\" data-name=\"your-name\"><input size=\"40\" maxlength=\"400\" class=\"wpcf7-form-control wpcf7-text wpcf7-validates-as-required\" aria-required=\"true\" aria-invalid=\"false\" value=\"\" type=\"text\" name=\"your-name\" \/><\/span> \n<\/div>\n<div class=\"two_thirds\"> \n      <h6>Ville <span class=\"mkdf-form-required-label\">*<\/span><\/h6>\n      <span class=\"wpcf7-form-control-wrap\" data-name=\"your-city\"><input size=\"40\" maxlength=\"400\" class=\"wpcf7-form-control wpcf7-text wpcf7-validates-as-required\" aria-required=\"true\" aria-invalid=\"false\" value=\"\" type=\"text\" name=\"your-city\" \/><\/span> \n<\/div>\n<div class=\"one_third\"> \n      <h6>Province  <span class=\"mkdf-form-required-label\">*<\/span><\/h6>\n      <span class=\"wpcf7-form-control-wrap\" data-name=\"your-province\"><input size=\"40\" maxlength=\"400\" class=\"wpcf7-form-control wpcf7-text wpcf7-validates-as-required\" aria-required=\"true\" aria-invalid=\"false\" value=\"\" type=\"text\" name=\"your-province\" \/><\/span> \n<\/div>\n<div class=\"full\">  <h6>Votre courriel <span class=\"mkdf-form-required-label\">*<\/span><\/h6>\n    <span class=\"wpcf7-form-control-wrap\" data-name=\"your-email\"><input size=\"40\" maxlength=\"400\" class=\"wpcf7-form-control wpcf7-email wpcf7-validates-as-required wpcf7-text wpcf7-validates-as-email\" aria-required=\"true\" aria-invalid=\"false\" value=\"\" type=\"email\" name=\"your-email\" \/><\/span> <\/div>\n\n<div class=\"full\">  <h6>QUEL EST VOTRE SECTEUR D\u2019ACTIVIT\u00c9? <span class=\"mkdf-form-required-label\">*<\/span><\/h6>\n    <span class=\"wpcf7-form-control-wrap\" data-name=\"menu-943\"><select class=\"wpcf7-form-control wpcf7-select wpcf7-validates-as-required\" aria-required=\"true\" aria-invalid=\"false\" name=\"menu-943\"><option value=\"\">&#8212;Please choose an option&#8212;<\/option><option value=\"Entrepreneur\">Entrepreneur<\/option><option value=\"Ing\u00e9nieur\">Ing\u00e9nieur<\/option><option value=\"Architecte\">Architecte<\/option><option value=\"D\u00e9taillant\">D\u00e9taillant<\/option><option value=\"Distributeur\">Distributeur<\/option><option value=\"Fabricant\/fournisseur\">Fabricant\/fournisseur<\/option><option value=\"Autre\">Autre<\/option><\/select><\/span> <\/div>\n\n<div class=\"full\">  <h6>QUEL TYPE D'APPLICATION DE CONSTRUCTION VOUS INT\u00c9RESSE? <span class=\"mkdf-form-required-label\">*<\/span><\/h6>\n    <span class=\"wpcf7-form-control-wrap\" data-name=\"menu-945\"><select class=\"wpcf7-form-control wpcf7-select wpcf7-validates-as-required\" aria-required=\"true\" aria-invalid=\"false\" name=\"menu-945\"><option value=\"\">&#8212;Please choose an option&#8212;<\/option><option value=\"Fixation au bois\">Fixation au bois<\/option><option value=\"Ancrage au b\u00e9ton\">Ancrage au b\u00e9ton<\/option><option value=\"Fixation au m\u00e9tal\">Fixation au m\u00e9tal<\/option><option value=\"Fixation des cloisons s\u00e8ches\">Fixation des cloisons s\u00e8ches<\/option><option value=\"Installation d&#039;isolant\">Installation d&#039;isolant<\/option><option value=\"Autre\">Autre<\/option><option value=\"Aucune des r\u00e9ponses ci-dessus\">Aucune des r\u00e9ponses ci-dessus<\/option><\/select><\/span> <\/div>\n\n<div class=\"full\"> <h6>Votre message <span class=\"mkdf-form-required-label\">*<\/span><\/h6>\n    <span class=\"wpcf7-form-control-wrap\" data-name=\"your-message\"><textarea cols=\"40\" rows=\"10\" maxlength=\"2000\" class=\"wpcf7-form-control wpcf7-textarea wpcf7-validates-as-required\" aria-required=\"true\" aria-invalid=\"false\" name=\"your-message\"><\/textarea><\/span> <\/div>\n<div class=\"full\" style=\"padding-bottom:20px;\"> \n      <h6>Comment pr\u00e9f\u00e9rez-vous \u00eatre contact\u00e9? <span class=\"mkdf-form-required-label\">*<\/span><\/h6>\n      <span class=\"wpcf7-form-control-wrap\" data-name=\"radio-354\"><span class=\"wpcf7-form-control wpcf7-radio\"><span class=\"wpcf7-list-item first\"><input type=\"radio\" name=\"radio-354\" value=\"Par t\u00e9l\u00e9phone\" checked=\"checked\" \/><span class=\"wpcf7-list-item-label\">Par t\u00e9l\u00e9phone<\/span><\/span><span class=\"wpcf7-list-item last\"><input type=\"radio\" name=\"radio-354\" value=\"Par courriel\" \/><span class=\"wpcf7-list-item-label\">Par courriel<\/span><\/span><\/span><\/span>\n<\/div>\n<span class=\"mkdf-form-required-label\" style=\"font-size: 14px;line-height: 28px;font-weight: 500;color: #ff5e14;\">* Requis<\/span>\n<button class=\"wpcf7-form-control wpcf7-submit mkdf-btn mkdf-btn-medium mkdf-btn-solid\" type=\"submit\"><span class=\"mkdf-btn-text\">Envoyer<\/span><\/button><div class=\"wpcf7-response-output\" aria-hidden=\"true\"><\/div>\n<\/form>\n<\/div>\n\t\t<\/div>\n\t<\/div>\n<\/div><div class=\"mkdf-eh-item    \" style=\"background-color: #8b1538\" data-item-class=\"mkdf-eh-custom-7254\" data-681-768=\"30px 0 30px 0px\" data-680=\"30px 30px 30px 30px\">\n\t<div class=\"mkdf-eh-item-inner\">\n\t\t<div class=\"mkdf-eh-item-content mkdf-eh-custom-7254\" >\n\t\t\t[vc_column_text el_class=\u00a0\u00bbcontactus_text\u00a0\u00bb]<\/p>\n<h1>Pour communiquer avec nous<\/h1>\n<p>Si vous avez des questions, commentaires ou pr\u00e9occupations \u00e0 exprimer, veuillez nous envoyer un message en utilisant le formulaire, ou communiquez avec nous \u00e0 :<\/p>\n<p><strong>ITW Construction Products<\/strong><\/p>\n<p>120, chemin Travail<br \/>\nMarkham (Ontario) L3S 3J1<\/p>\n<p><a href=\"mailto:info@itwconstruction.ca\">info@itwconstruction.ca<\/a><br \/>\nT\u00e9l. : 800 387-6472<br \/>\nT\u00e9l\u00e9c. : 888 236-4762<\/p>\n<p><strong>Suivez-nous sur<\/strong><\/p>\n<ul class=\"social\">\n<li class=\"facebook\"><a href=\"https:\/\/www.facebook.com\/itwconstructionca\" target=\"_blank\" rel=\"noopener noreferrer\">Facebook<\/a><\/li>\n<li class=\"youtube\"><a href=\"https:\/\/www.youtube.com\/channel\/UCN3lSnhjKzyKjYZ6jay94HA\/videos?view_as=subscriber\" target=\"_blank\" rel=\"noopener noreferrer\">YouTube<\/a><\/li>\n<li class=\"insta\"><a href=\"https:\/\/www.instagram.com\/itwconstructionca\/\" target=\"_blank\" rel=\"noopener noreferrer\">Instagram<\/a><\/li>\n<\/ul>\n<p>[\/vc_column_text]\t\t<\/div>\n\t<\/div>\n<\/div><\/div>[\/vc_column][\/vc_row]<\/p>\n<\/div>","protected":false},"excerpt":{"rendered":"<p>[vc_row row_btt_skin=\u00a0\u00bblight\u00a0\u00bb row_background_text_position=\u00a0\u00bbfront\u00a0\u00bb][vc_column][\/vc_column][\/vc_row]<\/p>\n","protected":false},"author":1,"featured_media":0,"parent":0,"menu_order":0,"comment_status":"closed","ping_status":"closed","template":"full-width.php","meta":{"_acf_changed":false,"inline_featured_image":false,"footnotes":""},"class_list":["post-8030","page","type-page","status-publish","hentry"],"acf":[],"yoast_head":"<!-- This site is optimized with the Yoast SEO plugin v27.2 - https:\/\/yoast.com\/product\/yoast-seo-wordpress\/ -->\n<title>Contactez-nous - ITW Construction<\/title>\n<meta name=\"description\" content=\"Founded in 1912, ITW is a global industrial company built around a differentiated and proprietary business model. The company\u2019s seven industry-leading segments leverage the ITW Business Model to generate solid growth with best-in-class margins and returns in markets where highly innovative, customer-focused solutions are required.\" \/>\n<meta name=\"robots\" content=\"index, follow, max-snippet:-1, max-image-preview:large, max-video-preview:-1\" \/>\n<link rel=\"canonical\" href=\"https:\/\/itwconstruction.ca\/fr\/contactez-nous\/\" \/>\n<meta property=\"og:locale\" content=\"fr_FR\" \/>\n<meta property=\"og:type\" content=\"article\" \/>\n<meta property=\"og:title\" content=\"Contactez-nous - ITW Construction\" \/>\n<meta property=\"og:description\" content=\"Founded in 1912, ITW is a global industrial company built around a differentiated and proprietary business model. The company\u2019s seven industry-leading segments leverage the ITW Business Model to generate solid growth with best-in-class margins and returns in markets where highly innovative, customer-focused solutions are required.\" \/>\n<meta property=\"og:url\" content=\"https:\/\/itwconstruction.ca\/fr\/contactez-nous\/\" \/>\n<meta property=\"og:site_name\" content=\"ITW Construction\" \/>\n<meta property=\"article:modified_time\" content=\"2020-11-26T18:32:37+00:00\" \/>\n<meta name=\"twitter:card\" content=\"summary_large_image\" \/>\n<meta name=\"twitter:label1\" content=\"Dur\u00e9e de lecture estim\u00e9e\" \/>\n\t<meta name=\"twitter:data1\" content=\"1 minute\" \/>\n<script type=\"application\/ld+json\" class=\"yoast-schema-graph\">{\"@context\":\"https:\/\/schema.org\",\"@graph\":[{\"@type\":\"WebPage\",\"@id\":\"https:\/\/itwconstruction.ca\/fr\/contactez-nous\/\",\"url\":\"https:\/\/itwconstruction.ca\/fr\/contactez-nous\/\",\"name\":\"Contactez-nous - ITW Construction\",\"isPartOf\":{\"@id\":\"https:\/\/itwconstruction.ca\/#website\"},\"datePublished\":\"2018-12-18T10:02:14+00:00\",\"dateModified\":\"2020-11-26T18:32:37+00:00\",\"description\":\"Founded in 1912, ITW is a global industrial company built around a differentiated and proprietary business model. The company\u2019s seven industry-leading segments leverage the ITW Business Model to generate solid growth with best-in-class margins and returns in markets where highly innovative, customer-focused solutions are required.\",\"breadcrumb\":{\"@id\":\"https:\/\/itwconstruction.ca\/fr\/contactez-nous\/#breadcrumb\"},\"inLanguage\":\"fr-FR\",\"potentialAction\":[{\"@type\":\"ReadAction\",\"target\":[\"https:\/\/itwconstruction.ca\/fr\/contactez-nous\/\"]}]},{\"@type\":\"BreadcrumbList\",\"@id\":\"https:\/\/itwconstruction.ca\/fr\/contactez-nous\/#breadcrumb\",\"itemListElement\":[{\"@type\":\"ListItem\",\"position\":1,\"name\":\"Home\",\"item\":\"https:\/\/itwconstruction.ca\/fr\/\"},{\"@type\":\"ListItem\",\"position\":2,\"name\":\"Contactez-nous\"}]},{\"@type\":\"WebSite\",\"@id\":\"https:\/\/itwconstruction.ca\/#website\",\"url\":\"https:\/\/itwconstruction.ca\/\",\"name\":\"ITW Construction\",\"description\":\"Products that empower\",\"publisher\":{\"@id\":\"https:\/\/itwconstruction.ca\/#organization\"},\"potentialAction\":[{\"@type\":\"SearchAction\",\"target\":{\"@type\":\"EntryPoint\",\"urlTemplate\":\"https:\/\/itwconstruction.ca\/?s={search_term_string}\"},\"query-input\":{\"@type\":\"PropertyValueSpecification\",\"valueRequired\":true,\"valueName\":\"search_term_string\"}}],\"inLanguage\":\"fr-FR\"},{\"@type\":\"Organization\",\"@id\":\"https:\/\/itwconstruction.ca\/#organization\",\"name\":\"ITW Construction\",\"url\":\"https:\/\/itwconstruction.ca\/\",\"logo\":{\"@type\":\"ImageObject\",\"inLanguage\":\"fr-FR\",\"@id\":\"https:\/\/itwconstruction.ca\/#\/schema\/logo\/image\/\",\"url\":\"https:\/\/itwconstruction.ca\/wp-content\/uploads\/2020\/09\/itwlogo.png\",\"contentUrl\":\"https:\/\/itwconstruction.ca\/wp-content\/uploads\/2020\/09\/itwlogo.png\",\"width\":512,\"height\":512,\"caption\":\"ITW Construction\"},\"image\":{\"@id\":\"https:\/\/itwconstruction.ca\/#\/schema\/logo\/image\/\"}}]}<\/script>\n<!-- \/ Yoast SEO plugin. -->","yoast_head_json":{"title":"Contactez-nous - ITW Construction","description":"Founded in 1912, ITW is a global industrial company built around a differentiated and proprietary business model. The company\u2019s seven industry-leading segments leverage the ITW Business Model to generate solid growth with best-in-class margins and returns in markets where highly innovative, customer-focused solutions are required.","robots":{"index":"index","follow":"follow","max-snippet":"max-snippet:-1","max-image-preview":"max-image-preview:large","max-video-preview":"max-video-preview:-1"},"canonical":"https:\/\/itwconstruction.ca\/fr\/contactez-nous\/","og_locale":"fr_FR","og_type":"article","og_title":"Contactez-nous - ITW Construction","og_description":"Founded in 1912, ITW is a global industrial company built around a differentiated and proprietary business model. The company\u2019s seven industry-leading segments leverage the ITW Business Model to generate solid growth with best-in-class margins and returns in markets where highly innovative, customer-focused solutions are required.","og_url":"https:\/\/itwconstruction.ca\/fr\/contactez-nous\/","og_site_name":"ITW Construction","article_modified_time":"2020-11-26T18:32:37+00:00","twitter_card":"summary_large_image","twitter_misc":{"Dur\u00e9e de lecture estim\u00e9e":"1 minute"},"schema":{"@context":"https:\/\/schema.org","@graph":[{"@type":"WebPage","@id":"https:\/\/itwconstruction.ca\/fr\/contactez-nous\/","url":"https:\/\/itwconstruction.ca\/fr\/contactez-nous\/","name":"Contactez-nous - ITW Construction","isPartOf":{"@id":"https:\/\/itwconstruction.ca\/#website"},"datePublished":"2018-12-18T10:02:14+00:00","dateModified":"2020-11-26T18:32:37+00:00","description":"Founded in 1912, ITW is a global industrial company built around a differentiated and proprietary business model. The company\u2019s seven industry-leading segments leverage the ITW Business Model to generate solid growth with best-in-class margins and returns in markets where highly innovative, customer-focused solutions are required.","breadcrumb":{"@id":"https:\/\/itwconstruction.ca\/fr\/contactez-nous\/#breadcrumb"},"inLanguage":"fr-FR","potentialAction":[{"@type":"ReadAction","target":["https:\/\/itwconstruction.ca\/fr\/contactez-nous\/"]}]},{"@type":"BreadcrumbList","@id":"https:\/\/itwconstruction.ca\/fr\/contactez-nous\/#breadcrumb","itemListElement":[{"@type":"ListItem","position":1,"name":"Home","item":"https:\/\/itwconstruction.ca\/fr\/"},{"@type":"ListItem","position":2,"name":"Contactez-nous"}]},{"@type":"WebSite","@id":"https:\/\/itwconstruction.ca\/#website","url":"https:\/\/itwconstruction.ca\/","name":"ITW Construction","description":"Products that empower","publisher":{"@id":"https:\/\/itwconstruction.ca\/#organization"},"potentialAction":[{"@type":"SearchAction","target":{"@type":"EntryPoint","urlTemplate":"https:\/\/itwconstruction.ca\/?s={search_term_string}"},"query-input":{"@type":"PropertyValueSpecification","valueRequired":true,"valueName":"search_term_string"}}],"inLanguage":"fr-FR"},{"@type":"Organization","@id":"https:\/\/itwconstruction.ca\/#organization","name":"ITW Construction","url":"https:\/\/itwconstruction.ca\/","logo":{"@type":"ImageObject","inLanguage":"fr-FR","@id":"https:\/\/itwconstruction.ca\/#\/schema\/logo\/image\/","url":"https:\/\/itwconstruction.ca\/wp-content\/uploads\/2020\/09\/itwlogo.png","contentUrl":"https:\/\/itwconstruction.ca\/wp-content\/uploads\/2020\/09\/itwlogo.png","width":512,"height":512,"caption":"ITW Construction"},"image":{"@id":"https:\/\/itwconstruction.ca\/#\/schema\/logo\/image\/"}}]}},"_links":{"self":[{"href":"https:\/\/itwconstruction.ca\/fr\/wp-json\/wp\/v2\/pages\/8030","targetHints":{"allow":["GET"]}}],"collection":[{"href":"https:\/\/itwconstruction.ca\/fr\/wp-json\/wp\/v2\/pages"}],"about":[{"href":"https:\/\/itwconstruction.ca\/fr\/wp-json\/wp\/v2\/types\/page"}],"author":[{"embeddable":true,"href":"https:\/\/itwconstruction.ca\/fr\/wp-json\/wp\/v2\/users\/1"}],"replies":[{"embeddable":true,"href":"https:\/\/itwconstruction.ca\/fr\/wp-json\/wp\/v2\/comments?post=8030"}],"version-history":[{"count":0,"href":"https:\/\/itwconstruction.ca\/fr\/wp-json\/wp\/v2\/pages\/8030\/revisions"}],"wp:attachment":[{"href":"https:\/\/itwconstruction.ca\/fr\/wp-json\/wp\/v2\/media?parent=8030"}],"curies":[{"name":"wp","href":"https:\/\/api.w.org\/{rel}","templated":true}]}}