{"id":8024,"date":"2018-12-17T08:46:49","date_gmt":"2018-12-17T08:46:49","guid":{"rendered":"https:\/\/itwconstruction.ca\/about\/"},"modified":"2020-11-26T17:26:12","modified_gmt":"2020-11-26T17:26:12","slug":"a-propos-ditw","status":"publish","type":"page","link":"https:\/\/itwconstruction.ca\/fr\/a-propos-ditw\/","title":{"rendered":"\u00c0 propos d\u2019ITW"},"content":{"rendered":"<div class=\"wpb-content-wrapper\"><p>[vc_row row_content_width=\u00a0\u00bbgrid\u00a0\u00bb row_btt_skin=\u00a0\u00bblight\u00a0\u00bb row_background_text_position=\u00a0\u00bbfront\u00a0\u00bb row_skin=\u00a0\u00bbdark\u00a0\u00bb][vc_column css=\u00a0\u00bb.vc_custom_1598376789258{padding-top: 30px !important;}\u00a0\u00bb][vc_column_text]Fond\u00e9e en 1912, ITW est une entreprise industrielle mondiale articul\u00e9e autour d\u2019un mod\u00e8le commercial distinct et exclusif. Les sept segments de l\u2019entreprise, chacun en t\u00eate du march\u00e9, tirent parti du mod\u00e8le commercial d\u2019ITW pour g\u00e9n\u00e9rer une croissance robuste et les marges et profits les meilleurs dans leur cat\u00e9gorie, dans les march\u00e9s o\u00f9 sont essentielles des solutions tr\u00e8s innovantes et ax\u00e9es sur le client.[\/vc_column_text][\/vc_column][\/vc_row][vc_row content_placement=\u00a0\u00bbmiddle\u00a0\u00bb row_content_width=\u00a0\u00bbgrid\u00a0\u00bb row_btt_skin=\u00a0\u00bblight\u00a0\u00bb row_background_text_position=\u00a0\u00bbfront\u00a0\u00bb][vc_column]<div class=\"mkdf-elements-holder   mkdf-two-columns  mkdf-responsive-mode-768 \" ><div class=\"mkdf-eh-item    \"  data-item-class=\"mkdf-eh-custom-3253\">\n\t<div class=\"mkdf-eh-item-inner\">\n\t\t<div class=\"mkdf-eh-item-content mkdf-eh-custom-3253\" style=\"padding: 100px 0 100px 0\">\n\t\t\t[vc_single_image image=\u00a0\u00bb7766&Prime; img_size=\u00a0\u00bbmedium\u00a0\u00bb alignment=\u00a0\u00bbcenter\u00a0\u00bb]\t\t<\/div>\n\t<\/div>\n<\/div><div class=\"mkdf-eh-item    \"  data-item-class=\"mkdf-eh-custom-8852\">\n\t<div class=\"mkdf-eh-item-inner\">\n\t\t<div class=\"mkdf-eh-item-content mkdf-eh-custom-8852\" style=\"padding: 100px 20% 100px 0\">\n\t\t\t[vc_column_text]<\/p>\n<h3 style=\"color: #8b1538;\">Le mod\u00e8le commercial d\u2019ITW est la source puissante de notre avantage concurrentiel.<\/h3>\n<p>Le mod\u00e8le commercial d\u2019ITW comporte trois \u00e9l\u00e9ments : <strong>80\/20 Avant \u00e0 arri\u00e8re<\/strong> d\u00e9finit la fa\u00e7on dont nous travaillons. Innovation-client d\u00e9crit la fa\u00e7on dont nous innovons. <strong>Notre culture d\u2019entrepreneuriat d\u00e9centralis\u00e9e est la cl\u00e9 de nos activit\u00e9s<\/strong>.[\/vc_column_text]\t\t<\/div>\n\t<\/div>\n<\/div><\/div>[\/vc_column][\/vc_row][vc_row content_placement=\u00a0\u00bbmiddle\u00a0\u00bb row_content_width=\u00a0\u00bbgrid\u00a0\u00bb row_btt_skin=\u00a0\u00bblight\u00a0\u00bb row_background_text_position=\u00a0\u00bbfront\u00a0\u00bb simple_background_color=\u00a0\u00bb#8b1538&Prime;][vc_column]<div class=\"mkdf-elements-holder   mkdf-two-columns  mkdf-responsive-mode-768 \" ><div class=\"mkdf-eh-item    \"  data-item-class=\"mkdf-eh-custom-6048\">\n\t<div class=\"mkdf-eh-item-inner\">\n\t\t<div class=\"mkdf-eh-item-content mkdf-eh-custom-6048\" style=\"padding: 100px 0 100px 0\">\n\t\t\t<div class=\"mkdf-section-title-holder  mkdf-st-standard mkdf-st-title-left mkdf-st-normal-space \" >\n\t<div class=\"mkdf-st-inner\">\n        \t\t\t\t\t<h2 class=\"mkdf-st-title\" style=\"color: #ffffff\">\n\t\t\t\tLes sept<br \/> segments d\u2019activit\u00e9 d\u2019ITW\t\t\t<\/h2>\n\t\t\t\t\t<\/div>\n<\/div>\t\t<\/div>\n\t<\/div>\n<\/div><div class=\"mkdf-eh-item    \"  data-item-class=\"mkdf-eh-custom-4269\">\n\t<div class=\"mkdf-eh-item-inner\">\n\t\t<div class=\"mkdf-eh-item-content mkdf-eh-custom-4269\" style=\"padding: 100px 20% 100px 0\">\n\t\t\t[vc_column_text el_class=\u00a0\u00bbhome_seven_segments\u00a0\u00bb]<\/p>\n<ul>\n<li>Fabricants automobiles<\/li>\n<li>\u00c9quipement alimentaire<\/li>\n<li>Tests, mesures et produits \u00e9lectroniques<\/li>\n<li>Polym\u00e8res et liquides<\/li>\n<li>Soudure<\/li>\n<li>Produits de construction<\/li>\n<li>Produits de sp\u00e9cialit\u00e9<\/li>\n<\/ul>\n<p>[\/vc_column_text]\t\t<\/div>\n\t<\/div>\n<\/div><\/div>[\/vc_column][\/vc_row][vc_row content_placement=\u00a0\u00bbmiddle\u00a0\u00bb row_content_width=\u00a0\u00bbgrid\u00a0\u00bb row_btt_skin=\u00a0\u00bblight\u00a0\u00bb row_background_text_position=\u00a0\u00bbfront\u00a0\u00bb][vc_column]<div class=\"mkdf-elements-holder   mkdf-two-columns  mkdf-responsive-mode-768 \" ><div class=\"mkdf-eh-item    \"  data-item-class=\"mkdf-eh-custom-5293\">\n\t<div class=\"mkdf-eh-item-inner\">\n\t\t<div class=\"mkdf-eh-item-content mkdf-eh-custom-5293\" style=\"padding: 100px 20% 100px 0\">\n\t\t\t[vc_column_text]<\/p>\n<h3 style=\"color: #8b1538; margin-bottom: 4px;\">Notre segment d\u2019activit\u00e9 :<\/h3>\n<h2 style=\"color: #8b1538; font-weight: 600; padding-top: 4px; margin-top: 4px;\">Produits de construction<\/h2>\n<p>Le segment des produits de construction d\u2019ITW est un fournisseur de marque de solutions de fixation innovantes qui am\u00e9liorent la productivit\u00e9 des entrepreneurs et la qualit\u00e9 de la construction dans les domaines r\u00e9sidentiel, commercial et de la r\u00e9novation. Ces produits sont indiqu\u00e9s pour toute une gamme d\u2019utilisations, dont pour le bois, le b\u00e9ton, l\u2019acier et le bois d\u2019\u0153uvre. Les entreprises et marques du segment des produits de construction d\u2019ITW prennent leur place dans des march\u00e9s de niche o\u00f9 la technologie d\u2019ITW peut combler les besoins particuliers des clients, comme des normes de s\u00e9curit\u00e9 et de rendement \u00e9nerg\u00e9tique mondiales plus exigeantes et la croissance des projets de construction hors site. Pr\u00e9sents dans toute une gamme d\u2019utilisations finales et de march\u00e9s, les produits de construction ITW sont ax\u00e9s sur une valeur ajout\u00e9e, \u00e0 l\u2019\u00e9chelle mondiale.[\/vc_column_text]\t\t<\/div>\n\t<\/div>\n<\/div><div class=\"mkdf-eh-item    \"  data-item-class=\"mkdf-eh-custom-8209\">\n\t<div class=\"mkdf-eh-item-inner\">\n\t\t<div class=\"mkdf-eh-item-content mkdf-eh-custom-8209\" style=\"padding: 100px 0 100px 0\">\n\t\t\t[vc_single_image image=\u00a0\u00bb7811&Prime; img_size=\u00a0\u00bblarge\u00a0\u00bb alignment=\u00a0\u00bbcenter\u00a0\u00bb]\t\t<\/div>\n\t<\/div>\n<\/div><\/div>[\/vc_column][\/vc_row][vc_row row_btt_skin=\u00a0\u00bblight\u00a0\u00bb row_background_text_position=\u00a0\u00bbfront\u00a0\u00bb css=\u00a0\u00bb.vc_custom_1598219524026{margin-bottom: 0px !important;padding-top: 85px !important;padding-bottom: 122px !important;}\u00a0\u00bb simple_background_color=\u00a0\u00bb#414042&Prime;][vc_column][vc_row_inner row_content_width=\u00a0\u00bbgrid\u00a0\u00bb css=\u00a0\u00bb.vc_custom_1598219488707{padding-bottom: 33px !important;}\u00a0\u00bb][vc_column_inner]<div class=\"mkdf-section-title-holder  mkdf-st-standard mkdf-st-title-left mkdf-st-normal-space \" >\n\t<div class=\"mkdf-st-inner\">\n        \t\t\t\t\t<h2 class=\"mkdf-st-title\" style=\"color: #ffffff\">\n\t\t\t\tMarques ITW<br \/>\t\t\t<\/h2>\n\t\t\t\t\t<\/div>\n<\/div>[\/vc_column_inner][\/vc_row_inner]<div style=\"visibility: hidden;\" id=\"carousel-anything-1\" class=\"gambit-carousel-anything carousel-anything-container owl-ca-carousel  ca-equal-height\" data-slide-anim=\"\" data-rtl=\"false\" data-items=\"5\"data-totalitems=\"5\" data-scroll_per_page=\"\" data-autoplay=\"5000\"data-items-tablet=\"1\" data-items-mobile=\"1\" data-stop-on-hover=\"\" data-speed-scroll=\"800\" data-speed-rewind=\"1000\"data-thumbnails=\"thumbnail\" data-navigation=\"true\" data-touchdrag=\"false\" data-keyboard=\"false\" data-alignment=\"50\"data-start=\"0\">[vc_row_inner][vc_column_inner][vc_column_text]<img decoding=\"async\" class=\"alignnone size-full wp-image-7780\" src=\"http:\/\/itwconstruction.ca\/wp-content\/uploads\/2020\/08\/Buildex-white-1.svg\" alt=\"ITW Buildex\" width=\"200\" \/>[\/vc_column_text][\/vc_column_inner][\/vc_row_inner][vc_row_inner][vc_column_inner][vc_column_text]<img decoding=\"async\" class=\"alignnone size-full wp-image-7781\" src=\"http:\/\/itwconstruction.ca\/wp-content\/uploads\/2020\/08\/GRK_white.svg\" alt=\"GRK\" width=\"200\" \/>[\/vc_column_text][\/vc_column_inner][\/vc_row_inner][vc_row_inner][vc_column_inner][vc_column_text]<img decoding=\"async\" class=\"alignnone size-full wp-image-7771\" src=\"http:\/\/itwconstruction.ca\/wp-content\/uploads\/2020\/08\/RedHead-white.svg\" alt=\"\" width=\"200\" \/>[\/vc_column_text][\/vc_column_inner][\/vc_row_inner][vc_row_inner][vc_column_inner][vc_column_text]<img decoding=\"async\" class=\"alignnone size-full wp-image-7782\" src=\"http:\/\/itwconstruction.ca\/wp-content\/uploads\/2020\/08\/Paslode_white.svg\" alt=\"\" width=\"200\" \/>[\/vc_column_text][\/vc_column_inner][\/vc_row_inner][vc_row_inner][vc_column_inner][vc_column_text]<img decoding=\"async\" class=\"alignnone size-full wp-image-7770\" src=\"http:\/\/itwconstruction.ca\/wp-content\/uploads\/2020\/08\/TapCon_white.svg\" alt=\"Tapcon\" width=\"200\" \/>[\/vc_column_text][\/vc_column_inner][\/vc_row_inner]<\/div>[\/vc_column][\/vc_row]<\/p>\n<\/div>","protected":false},"excerpt":{"rendered":"<p>[vc_row row_content_width=\u00a0\u00bbgrid\u00a0\u00bb row_btt_skin=\u00a0\u00bblight\u00a0\u00bb row_background_text_position=\u00a0\u00bbfront\u00a0\u00bb row_skin=\u00a0\u00bbdark\u00a0\u00bb][vc_column css=\u00a0\u00bb.vc_custom_1598376789258{padding-top: 30px !important;}\u00a0\u00bb][vc_column_text]Fond\u00e9e en 1912, ITW est une entreprise industrielle mondiale articul\u00e9e autour d\u2019un mod\u00e8le commercial distinct et exclusif. Les sept segments de l\u2019entreprise, chacun en t\u00eate du march\u00e9, tirent parti du mod\u00e8le commercial d\u2019ITW [&hellip;]<\/p>\n","protected":false},"author":1,"featured_media":0,"parent":0,"menu_order":0,"comment_status":"closed","ping_status":"closed","template":"full-width.php","meta":{"_acf_changed":false,"inline_featured_image":false,"footnotes":""},"class_list":["post-8024","page","type-page","status-publish","hentry"],"acf":[],"yoast_head":"<!-- This site is optimized with the Yoast SEO plugin v27.2 - https:\/\/yoast.com\/product\/yoast-seo-wordpress\/ -->\n<title>\u00c0 propos d\u2019ITW - ITW Construction<\/title>\n<meta name=\"description\" content=\"Founded in 1912, ITW is a global industrial company built around a differentiated and proprietary business model. The company\u2019s seven industry-leading segments leverage the ITW Business Model to generate solid growth with best-in-class margins and returns in markets where highly innovative, customer-focused solutions are required.\" \/>\n<meta name=\"robots\" content=\"index, follow, max-snippet:-1, max-image-preview:large, max-video-preview:-1\" \/>\n<link rel=\"canonical\" href=\"https:\/\/itwconstruction.ca\/fr\/a-propos-ditw\/\" \/>\n<meta property=\"og:locale\" content=\"fr_FR\" \/>\n<meta property=\"og:type\" content=\"article\" \/>\n<meta property=\"og:title\" content=\"\u00c0 propos d\u2019ITW - ITW Construction\" \/>\n<meta property=\"og:description\" content=\"Founded in 1912, ITW is a global industrial company built around a differentiated and proprietary business model. The company\u2019s seven industry-leading segments leverage the ITW Business Model to generate solid growth with best-in-class margins and returns in markets where highly innovative, customer-focused solutions are required.\" \/>\n<meta property=\"og:url\" content=\"https:\/\/itwconstruction.ca\/fr\/a-propos-ditw\/\" \/>\n<meta property=\"og:site_name\" content=\"ITW Construction\" \/>\n<meta property=\"article:modified_time\" content=\"2020-11-26T17:26:12+00:00\" \/>\n<meta property=\"og:image\" content=\"http:\/\/itwconstruction.ca\/wp-content\/uploads\/2020\/08\/Buildex-white-1.svg\" \/>\n<meta name=\"twitter:card\" content=\"summary_large_image\" \/>\n<meta name=\"twitter:label1\" content=\"Dur\u00e9e de lecture estim\u00e9e\" \/>\n\t<meta name=\"twitter:data1\" content=\"4 minutes\" \/>\n<script type=\"application\/ld+json\" class=\"yoast-schema-graph\">{\"@context\":\"https:\/\/schema.org\",\"@graph\":[{\"@type\":\"WebPage\",\"@id\":\"https:\/\/itwconstruction.ca\/fr\/a-propos-ditw\/\",\"url\":\"https:\/\/itwconstruction.ca\/fr\/a-propos-ditw\/\",\"name\":\"\u00c0 propos d\u2019ITW - ITW Construction\",\"isPartOf\":{\"@id\":\"https:\/\/itwconstruction.ca\/#website\"},\"primaryImageOfPage\":{\"@id\":\"https:\/\/itwconstruction.ca\/fr\/a-propos-ditw\/#primaryimage\"},\"image\":{\"@id\":\"https:\/\/itwconstruction.ca\/fr\/a-propos-ditw\/#primaryimage\"},\"thumbnailUrl\":\"http:\/\/itwconstruction.ca\/wp-content\/uploads\/2020\/08\/Buildex-white-1.svg\",\"datePublished\":\"2018-12-17T08:46:49+00:00\",\"dateModified\":\"2020-11-26T17:26:12+00:00\",\"description\":\"Founded in 1912, ITW is a global industrial company built around a differentiated and proprietary business model. The company\u2019s seven industry-leading segments leverage the ITW Business Model to generate solid growth with best-in-class margins and returns in markets where highly innovative, customer-focused solutions are required.\",\"breadcrumb\":{\"@id\":\"https:\/\/itwconstruction.ca\/fr\/a-propos-ditw\/#breadcrumb\"},\"inLanguage\":\"fr-FR\",\"potentialAction\":[{\"@type\":\"ReadAction\",\"target\":[\"https:\/\/itwconstruction.ca\/fr\/a-propos-ditw\/\"]}]},{\"@type\":\"ImageObject\",\"inLanguage\":\"fr-FR\",\"@id\":\"https:\/\/itwconstruction.ca\/fr\/a-propos-ditw\/#primaryimage\",\"url\":\"http:\/\/itwconstruction.ca\/wp-content\/uploads\/2020\/08\/Buildex-white-1.svg\",\"contentUrl\":\"http:\/\/itwconstruction.ca\/wp-content\/uploads\/2020\/08\/Buildex-white-1.svg\"},{\"@type\":\"BreadcrumbList\",\"@id\":\"https:\/\/itwconstruction.ca\/fr\/a-propos-ditw\/#breadcrumb\",\"itemListElement\":[{\"@type\":\"ListItem\",\"position\":1,\"name\":\"Home\",\"item\":\"https:\/\/itwconstruction.ca\/fr\/\"},{\"@type\":\"ListItem\",\"position\":2,\"name\":\"\u00c0 propos d\u2019ITW\"}]},{\"@type\":\"WebSite\",\"@id\":\"https:\/\/itwconstruction.ca\/#website\",\"url\":\"https:\/\/itwconstruction.ca\/\",\"name\":\"ITW Construction\",\"description\":\"Products that empower\",\"publisher\":{\"@id\":\"https:\/\/itwconstruction.ca\/#organization\"},\"potentialAction\":[{\"@type\":\"SearchAction\",\"target\":{\"@type\":\"EntryPoint\",\"urlTemplate\":\"https:\/\/itwconstruction.ca\/?s={search_term_string}\"},\"query-input\":{\"@type\":\"PropertyValueSpecification\",\"valueRequired\":true,\"valueName\":\"search_term_string\"}}],\"inLanguage\":\"fr-FR\"},{\"@type\":\"Organization\",\"@id\":\"https:\/\/itwconstruction.ca\/#organization\",\"name\":\"ITW Construction\",\"url\":\"https:\/\/itwconstruction.ca\/\",\"logo\":{\"@type\":\"ImageObject\",\"inLanguage\":\"fr-FR\",\"@id\":\"https:\/\/itwconstruction.ca\/#\/schema\/logo\/image\/\",\"url\":\"https:\/\/itwconstruction.ca\/wp-content\/uploads\/2020\/09\/itwlogo.png\",\"contentUrl\":\"https:\/\/itwconstruction.ca\/wp-content\/uploads\/2020\/09\/itwlogo.png\",\"width\":512,\"height\":512,\"caption\":\"ITW Construction\"},\"image\":{\"@id\":\"https:\/\/itwconstruction.ca\/#\/schema\/logo\/image\/\"}}]}<\/script>\n<!-- \/ Yoast SEO plugin. -->","yoast_head_json":{"title":"\u00c0 propos d\u2019ITW - ITW Construction","description":"Founded in 1912, ITW is a global industrial company built around a differentiated and proprietary business model. The company\u2019s seven industry-leading segments leverage the ITW Business Model to generate solid growth with best-in-class margins and returns in markets where highly innovative, customer-focused solutions are required.","robots":{"index":"index","follow":"follow","max-snippet":"max-snippet:-1","max-image-preview":"max-image-preview:large","max-video-preview":"max-video-preview:-1"},"canonical":"https:\/\/itwconstruction.ca\/fr\/a-propos-ditw\/","og_locale":"fr_FR","og_type":"article","og_title":"\u00c0 propos d\u2019ITW - ITW Construction","og_description":"Founded in 1912, ITW is a global industrial company built around a differentiated and proprietary business model. The company\u2019s seven industry-leading segments leverage the ITW Business Model to generate solid growth with best-in-class margins and returns in markets where highly innovative, customer-focused solutions are required.","og_url":"https:\/\/itwconstruction.ca\/fr\/a-propos-ditw\/","og_site_name":"ITW Construction","article_modified_time":"2020-11-26T17:26:12+00:00","og_image":[{"url":"http:\/\/itwconstruction.ca\/wp-content\/uploads\/2020\/08\/Buildex-white-1.svg","type":"","width":"","height":""}],"twitter_card":"summary_large_image","twitter_misc":{"Dur\u00e9e de lecture estim\u00e9e":"4 minutes"},"schema":{"@context":"https:\/\/schema.org","@graph":[{"@type":"WebPage","@id":"https:\/\/itwconstruction.ca\/fr\/a-propos-ditw\/","url":"https:\/\/itwconstruction.ca\/fr\/a-propos-ditw\/","name":"\u00c0 propos d\u2019ITW - ITW Construction","isPartOf":{"@id":"https:\/\/itwconstruction.ca\/#website"},"primaryImageOfPage":{"@id":"https:\/\/itwconstruction.ca\/fr\/a-propos-ditw\/#primaryimage"},"image":{"@id":"https:\/\/itwconstruction.ca\/fr\/a-propos-ditw\/#primaryimage"},"thumbnailUrl":"http:\/\/itwconstruction.ca\/wp-content\/uploads\/2020\/08\/Buildex-white-1.svg","datePublished":"2018-12-17T08:46:49+00:00","dateModified":"2020-11-26T17:26:12+00:00","description":"Founded in 1912, ITW is a global industrial company built around a differentiated and proprietary business model. The company\u2019s seven industry-leading segments leverage the ITW Business Model to generate solid growth with best-in-class margins and returns in markets where highly innovative, customer-focused solutions are required.","breadcrumb":{"@id":"https:\/\/itwconstruction.ca\/fr\/a-propos-ditw\/#breadcrumb"},"inLanguage":"fr-FR","potentialAction":[{"@type":"ReadAction","target":["https:\/\/itwconstruction.ca\/fr\/a-propos-ditw\/"]}]},{"@type":"ImageObject","inLanguage":"fr-FR","@id":"https:\/\/itwconstruction.ca\/fr\/a-propos-ditw\/#primaryimage","url":"http:\/\/itwconstruction.ca\/wp-content\/uploads\/2020\/08\/Buildex-white-1.svg","contentUrl":"http:\/\/itwconstruction.ca\/wp-content\/uploads\/2020\/08\/Buildex-white-1.svg"},{"@type":"BreadcrumbList","@id":"https:\/\/itwconstruction.ca\/fr\/a-propos-ditw\/#breadcrumb","itemListElement":[{"@type":"ListItem","position":1,"name":"Home","item":"https:\/\/itwconstruction.ca\/fr\/"},{"@type":"ListItem","position":2,"name":"\u00c0 propos d\u2019ITW"}]},{"@type":"WebSite","@id":"https:\/\/itwconstruction.ca\/#website","url":"https:\/\/itwconstruction.ca\/","name":"ITW Construction","description":"Products that empower","publisher":{"@id":"https:\/\/itwconstruction.ca\/#organization"},"potentialAction":[{"@type":"SearchAction","target":{"@type":"EntryPoint","urlTemplate":"https:\/\/itwconstruction.ca\/?s={search_term_string}"},"query-input":{"@type":"PropertyValueSpecification","valueRequired":true,"valueName":"search_term_string"}}],"inLanguage":"fr-FR"},{"@type":"Organization","@id":"https:\/\/itwconstruction.ca\/#organization","name":"ITW Construction","url":"https:\/\/itwconstruction.ca\/","logo":{"@type":"ImageObject","inLanguage":"fr-FR","@id":"https:\/\/itwconstruction.ca\/#\/schema\/logo\/image\/","url":"https:\/\/itwconstruction.ca\/wp-content\/uploads\/2020\/09\/itwlogo.png","contentUrl":"https:\/\/itwconstruction.ca\/wp-content\/uploads\/2020\/09\/itwlogo.png","width":512,"height":512,"caption":"ITW Construction"},"image":{"@id":"https:\/\/itwconstruction.ca\/#\/schema\/logo\/image\/"}}]}},"_links":{"self":[{"href":"https:\/\/itwconstruction.ca\/fr\/wp-json\/wp\/v2\/pages\/8024","targetHints":{"allow":["GET"]}}],"collection":[{"href":"https:\/\/itwconstruction.ca\/fr\/wp-json\/wp\/v2\/pages"}],"about":[{"href":"https:\/\/itwconstruction.ca\/fr\/wp-json\/wp\/v2\/types\/page"}],"author":[{"embeddable":true,"href":"https:\/\/itwconstruction.ca\/fr\/wp-json\/wp\/v2\/users\/1"}],"replies":[{"embeddable":true,"href":"https:\/\/itwconstruction.ca\/fr\/wp-json\/wp\/v2\/comments?post=8024"}],"version-history":[{"count":0,"href":"https:\/\/itwconstruction.ca\/fr\/wp-json\/wp\/v2\/pages\/8024\/revisions"}],"wp:attachment":[{"href":"https:\/\/itwconstruction.ca\/fr\/wp-json\/wp\/v2\/media?parent=8024"}],"curies":[{"name":"wp","href":"https:\/\/api.w.org\/{rel}","templated":true}]}}